{"id":11,"date":"2025-01-13T14:13:58","date_gmt":"2025-01-13T14:13:58","guid":{"rendered":"https:\/\/wantechno.net\/deutsch\/?page_id=11"},"modified":"2025-02-07T14:34:04","modified_gmt":"2025-02-07T14:34:04","slug":"homepage","status":"publish","type":"page","link":"https:\/\/wantechno.net\/deutsch\/","title":{"rendered":"Homepage"},"content":{"rendered":"<div class=\"wp-block-uagb-container uagb-block-016fc165 alignfull uagb-is-root-container\"><\/div><div class=\"wp-block-uagb-container uagb-block-c441fee3 alignfull uagb-is-root-container\"><div class=\"wp-block-columns is-layout-flex wp-container-core-columns-is-layout-28f84493 wp-block-columns-is-layout-flex\"><div class=\"wp-block-column is-layout-constrained wp-block-column-is-layout-constrained\"><div class=\"wp-block-uagb-advanced-heading uagb-block-6bf8ca74\"><h6 class=\"uagb-heading-text\"><strong>Willkommen bei Wantechno \u2013 Ihr Partner f\u00fcr au\u00dfergew\u00f6hnliche Websites!<\/strong><\/h6><\/div>\n\n<p class=\"has-mobile-text-align-justify\">Egal, ob Sie eine einfache Website, eine E-Commerce-Plattform, eine Web-App-L\u00f6sung oder eine andere gesch\u00e4ftliche Website ben\u00f6tigen \u2013 wie z. B. ein Online-Buchungssystem, Lieferdienste, einen Online-Shop oder eine andere Kategorie \u2013 wir haben die passende L\u00f6sung f\u00fcr Sie. Wir sind darauf spezialisiert, ma\u00dfgeschneiderte Websites zu erstellen, die beeindruckendes Design mit nahtloser Funktionalit\u00e4t verbinden, um Ihrem Unternehmen zum Erfolg in der digitalen Welt zu verhelfen.<\/p>\n\n<div class=\"wp-block-uagb-advanced-heading uagb-block-28531a85\"><h2 class=\"uagb-heading-text\">WEB SERVICES <\/h2><div class=\"uagb-separator\"><\/div><\/div>\n\n<p class=\"has-mobile-text-align-justify\">Bei Wantechno verstehen wir, wie wichtig eine starke Online-Pr\u00e4senz f\u00fcr Ihr Unternehmen ist. Deshalb sind wir hier, um diesen Weg reibungslos, effizient und kosteng\u00fcnstig zu gestalten. Unsere Webentwicklungsdienste bieten Ihnen die perfekte Kombination aus Erschwinglichkeit, schneller Umsetzung und beeindruckendem Design<\/p>\n\n<style>\n    header h1 {\n        margin: 0;\n        font-size: 3rem;\n    }\n    .container {\n        max-width: 1200px;\n        margin: 20px auto;\n        padding: 20px;\n    }\n    .section {\n        margin-bottom: 40px;\n    }\n    .section h2 {\n        color: rgb(86, 91, 92);\n        border-bottom: 2px solid rgb(98, 103, 104);\n        display: inline-block;\n        padding-bottom: 5px;\n        font-size: 1.8rem;\n    }\n    .services-grid {\n        display: grid;\n        grid-template-columns: repeat(auto-fit, minmax(250px, 1fr));\n        gap: 20px;\n    }\n    .service {\n        background-color: #fff;\n        border: 1px solid #ddd;\n        border-radius: 10px;\n        padding: 20px;\n        box-shadow: 0 4px 6px rgba(0, 0, 0, 0.1);\n        text-align: center;\n        transition: transform 0.3s ease, box-shadow 0.3s ease;\n    }\n    .service:hover {\n        transform: translateY(-10px);\n        box-shadow: 0 8px 12px rgba(0, 0, 0, 0.2);\n    }\n    .service h3 {\n        color: rgb(141, 148, 150);\n        font-size: 1.5rem;\n        margin-bottom: 15px;\n    }\n    .service ul {\n        list-style-type: none;\n        padding: 0;\n        margin: 0;\n    }\n    .service ul li {\n        padding: 10px 0;\n        border-bottom: 1px solid #ddd;\n    }\n    .service ul li:last-child {\n        border-bottom: none;\n    }\n<\/style>\n\n<div class=\"container\">\n    <!-- Services Section -->\n    <section class=\"section\">\n        <div class=\"services-grid\">\n            <div class=\"service\">\n                <h3>Webentwicklung<\/h3>\n                <ul>\n                    <li>Individuelle L\u00f6sungen, die auf Ihre speziellen Gesch\u00e4ftsanforderungen zugeschnitten sind.<\/li>\n                    <li>Nutzung der neuesten Technologien und innovativer Funktionen.<\/li>\n                <\/ul>\n            <\/div>\n            <div class=\"service\">\n                <h3>Bezahlbare Preispl\u00e4ne<\/h3>\n                <ul>\n                    <li>Transparente und wettbewerbsf\u00e4hige Preise ohne versteckte Kosten.<\/li>\n                    <li>Optionen f\u00fcr Unternehmen jeder Gr\u00f6\u00dfe, um f\u00fcr alle zug\u00e4nglich zu sein.<\/li>\n                <\/ul>\n            <\/div>\n            <div class=\"service\">\n                <h3>Schnelle Lieferung<\/h3>\n                <ul>\n                    <li>Effizientes Projektmanagement, um Ihre Fristen einzuhalten.<\/li>\n                    <li>Qualit\u00e4tssicherung, um ein fehlerfreies und einwandfreies Endprodukt zu gew\u00e4hrleisten.<\/li>\n                <\/ul>\n            <\/div>\n        <\/div>\n    <\/section>\n<\/div>\n\n<div class=\"wp-block-uagb-advanced-heading uagb-block-672b65df\"><h2 class=\"uagb-heading-text\">WEB PLANS<\/h2><div class=\"uagb-separator\"><\/div><\/div>\n\n<style>\n        \n        \n        header h1 {\n            margin: 0;\n            font-size: 3rem;\n        }\n        .container {\n            max-width: 1200px;\n            margin: 20px auto;\n            padding: 20px;\n        }\n        .section {\n            margin-bottom: 40px;\n        }\n        .section h2 {\n            color:rgb(86, 91, 92);\n            border-bottom: 2px solidrgb(98, 103, 104);\n            display: inline-block;\n            padding-bottom: 5px;\n            font-size: 1.8rem;\n        }\n        .services-grid {\n            display: grid;\n            grid-template-columns: repeat(auto-fit, minmax(250px, 1fr));\n            gap: 20px;\n        }\n        .service {\n            background-color: #fff;\n            border: 1px solid #ddd;\n            border-radius: 10px;\n            padding: 20px;\n            box-shadow: 0 4px 6px rgba(0, 0, 0, 0.1);\n            text-align: center;\n            transition: transform 0.3s ease, box-shadow 0.3s ease;\n        }\n        .service:hover {\n            transform: translateY(-10px);\n            box-shadow: 0 8px 12px rgba(0, 0, 0, 0.2);\n        }\n        .service h3 {\n            color:rgb(141, 148, 150);\n            font-size: 1.5rem;\n            margin-bottom: 15px;\n        }\n        .service ul {\n            list-style-type: none;\n            padding: 0;\n            margin: 0;\n        }\n        .service ul li {\n            padding: 10px 0;\n            border-bottom: 1px solid #ddd;\n        }\n        .service ul li:last-child {\n            border-bottom: none;\n        }\n        .plans {\n            display: grid;\n            grid-template-columns: repeat(auto-fit, minmax(250px, 1fr));\n            gap: 20px;\n        }\n        .plan {\n            background-color: #fff;\n            border: 1px solid #ddd;\n            border-radius: 10px;\n            padding: 20px;\n            box-shadow: 0 4px 6px rgba(0, 0, 0, 0.1);\n            transition: transform 0.3s ease, box-shadow 0.3s ease;\n        }\n        .plan:hover {\n            transform: translateY(-10px);\n            box-shadow: 0 8px 12px rgba(0, 0, 0, 0.2);\n        }\n        .plan h3 {\n            text-align: center;\n            color:rgb(85, 85, 85);\n            font-size: 1.8rem;\n            margin-bottom: 15px;\n        }\n        .plan h3 span {\n            font-size: 1.2rem;\n            color: #555;\n            display: block;\n            margin-top: 5px;\n        }\n        .plan ul {\n            list-style-type: none;\n            padding: 0;\n            margin: 0;\n        }\n        .plan ul li {\n            padding: 10px 0;\n            border-bottom: 1px solid #ddd;\n        }\n        .plan ul li:last-child {\n            border-bottom: none;\n        }\n       \n    <\/style>\n\n<div class=\"container\">\n    <!-- Website Plans Section -->\n    <section class=\"section\">\n        <div class=\"plans\">\n            <!-- Basic Plan -->\n            <div class=\"plan\">\n                <h3>Basic <span>350 Euro<\/span><\/h3>\n                <ul>\n                    <li>Eine Sprache<\/li>\n                    <li>5 Seiten<\/li>\n                    <li>Kontaktformular, Anfahrtsbeschreibung, Suchfunktion<\/li>\n                    <li>Bis zu 20 Bilder &#038; 10 Videos<\/li>\n                    <li>Responsives Webdesign (f\u00fcr Smartphones und Tablets)<\/li>\n                    <li>CMS System-Schulung<\/li>\n                <\/ul>\n            <\/div>\n\n            <!-- Basic Plus Plan -->\n            <div class=\"plan\">\n                <h3>Basic Plus <span>500 Euro<\/span><\/h3>\n                <ul>\n                    <li>Zwei Sprachen<\/li>\n                    <li>8 Seiten<\/li>\n                    <li>5 E-Mail-Adressen<\/li>\n                    <li>Kontaktformular, Anfahrtsbeschreibung, Suchfunktion<\/li>\n                    <li>Bis zu 30 Bilder &#038; 20 Videos<\/li>\n                    <li>Responsives Webdesign (f\u00fcr Smartphones und Tablets)<\/li>\n                    <li>CMS System-Schulung<\/li>\n                    <li>Eine Domain f\u00fcr ein Jahr inklusive<\/li>\n                    <li>Ein Jahr Hosting inklusive<\/li>\n                <\/ul>\n            <\/div>\n\n            <!-- Business Plan -->\n            <div class=\"plan\">\n                <h3>Business Plan <span>700 Euro<\/span><\/h3>\n                <ul>\n                    <li>Mehrsprachig (3 Sprachen)<\/li>\n                    <li>Bis zu 13 Seiten<\/li>\n                    <li>25 E-Mail-Adressen<\/li>\n                    <li>Kontaktformular, Anfahrtsbeschreibung, Suchfunktion<\/li>\n                    <li>Bis zu 50 Bilder &#038; 30 Videos<\/li>\n                    <li>Responsives Webdesign (f\u00fcr Smartphones und Tablets)<\/li>\n                    <li>CMS System-Schulung<\/li>\n                    <li>Eine Domain f\u00fcr ein Jahr inklusive<\/li>\n                    <li>Ein Jahr Hosting inklusive<\/li>\n                <\/ul>\n            <\/div>\n\n            <!-- E-Commerce Website Plan -->\n            <div class=\"plan\">\n                <h3>E-Commerce-Website <span>1000 Euro<\/span><\/h3>\n                <ul>\n                    <li>Mehrsprachig (3 Sprachen)<\/li>\n                    <li>Bis zu 25 Seiten<\/li>\n                    <li>Landingpage f\u00fcr Produkte<\/li>\n                    <li>Unbegrenzte E-Mail-Adressen<\/li>\n                    <li>Kontaktformular, Anfahrtsbeschreibung, Suchfunktion<\/li>\n                    <li>Unbegrenzte Bilder &#038; Videos<\/li>\n                    <li>Responsives Webdesign (f\u00fcr Smartphones und Tablets)<\/li>\n                    <li>CMS System-Schulung<\/li>\n                    <li>Eine Domain f\u00fcr ein Jahr inklusive<\/li>\n                    <li>Ein Jahr Hosting inklusive<\/li>\n                <\/ul>\n            <\/div>\n        <\/div>\n    <\/section>\n<\/div>\n\n<div class=\"wp-block-uagb-advanced-heading uagb-block-8742e615\"><h6 class=\"uagb-heading-text\">Brauchen Sie eine Website, eine Web-App oder haben Sie einfach nur eine Frage? Kontaktieren Sie uns \u2013 wir freuen uns auf Ihre Nachricht!<\/h6><div class=\"uagb-separator\"><\/div><\/div><\/div><\/div><\/div><div class=\"wp-block-uagb-container uagb-block-8a29f87c default uagb-is-root-container\"><div class=\"wp-block-contact-form-7-contact-form-selector\">\n<div class=\"wpcf7 no-js\" id=\"wpcf7-f17-o1\" lang=\"de-DE\" dir=\"ltr\" data-wpcf7-id=\"17\">\n<div class=\"screen-reader-response\"><p role=\"status\" aria-live=\"polite\" aria-atomic=\"true\"><\/p> <ul><\/ul><\/div>\n<form action=\"\/deutsch\/wp-json\/wp\/v2\/pages\/11#wpcf7-f17-o1\" method=\"post\" class=\"wpcf7-form init\" aria-label=\"Kontaktformular\" novalidate=\"novalidate\" data-status=\"init\">\n<div style=\"display: none;\">\n<input type=\"hidden\" name=\"_wpcf7\" value=\"17\" \/>\n<input type=\"hidden\" name=\"_wpcf7_version\" value=\"6.0.2\" \/>\n<input type=\"hidden\" name=\"_wpcf7_locale\" value=\"de_DE\" \/>\n<input type=\"hidden\" name=\"_wpcf7_unit_tag\" value=\"wpcf7-f17-o1\" \/>\n<input type=\"hidden\" name=\"_wpcf7_container_post\" value=\"0\" \/>\n<input type=\"hidden\" name=\"_wpcf7_posted_data_hash\" value=\"\" \/>\n<\/div>\n<p><label> Dein Name<br \/>\n<span class=\"wpcf7-form-control-wrap\" data-name=\"your-name\"><input size=\"40\" maxlength=\"400\" class=\"wpcf7-form-control wpcf7-text wpcf7-validates-as-required\" autocomplete=\"name\" aria-required=\"true\" aria-invalid=\"false\" value=\"\" type=\"text\" name=\"your-name\" \/><\/span> <\/label>\n<\/p>\n<p><label> Deine E-Mail-Adresse<br \/>\n<span class=\"wpcf7-form-control-wrap\" data-name=\"your-email\"><input size=\"40\" maxlength=\"400\" class=\"wpcf7-form-control wpcf7-email wpcf7-validates-as-required wpcf7-text wpcf7-validates-as-email\" autocomplete=\"email\" aria-required=\"true\" aria-invalid=\"false\" value=\"\" type=\"email\" name=\"your-email\" \/><\/span> <\/label>\n<\/p>\n<p><label> Betreff<br \/>\n<span class=\"wpcf7-form-control-wrap\" data-name=\"your-subject\"><input size=\"40\" maxlength=\"400\" class=\"wpcf7-form-control wpcf7-text wpcf7-validates-as-required\" aria-required=\"true\" aria-invalid=\"false\" value=\"\" type=\"text\" name=\"your-subject\" \/><\/span> <\/label>\n<\/p>\n<p><label> Deine Nachricht (optional)<br \/>\n<span class=\"wpcf7-form-control-wrap\" data-name=\"your-message\"><textarea cols=\"40\" rows=\"10\" maxlength=\"2000\" class=\"wpcf7-form-control wpcf7-textarea\" aria-invalid=\"false\" name=\"your-message\"><\/textarea><\/span> <\/label>\n<\/p>\n<p><input class=\"wpcf7-form-control wpcf7-submit has-spinner\" type=\"submit\" value=\"Senden\" \/>\n<\/p><div class=\"wpcf7-response-output\" aria-hidden=\"true\"><\/div>\n<\/form>\n<\/div>\n<\/div>\n\n<div class=\"wp-block-uagb-advanced-heading uagb-block-bc7cb289\"><h4 class=\"uagb-heading-text\"><a href=\"mailto:info@wantechno.net\">info@wantechno.net<\/a><\/h4><\/div>\n\n<div class=\"wp-block-uagb-advanced-heading uagb-block-fd7a690d\"><h4 class=\"uagb-heading-text\">+49 (0) 159 0120 4749<\/h4><\/div><\/div>","protected":false},"excerpt":{"rendered":"<p>Willkommen bei Wantechno \u2013 Ihr Partner f\u00fcr au\u00dfergew\u00f6hnliche Websites! Egal, ob Sie eine einfache Website, eine E-Commerce-Plattform, eine Web-App-L\u00f6sung oder [&hellip;]<\/p>\n","protected":false},"author":1,"featured_media":0,"parent":0,"menu_order":0,"comment_status":"closed","ping_status":"closed","template":"","meta":{"_uag_custom_page_level_css":"","_editorskit_title_hidden":false,"_editorskit_reading_time":0,"_editorskit_is_block_options_detached":false,"_editorskit_block_options_position":"{}","site-sidebar-layout":"default","site-content-layout":"","ast-site-content-layout":"","site-content-style":"default","site-sidebar-style":"default","ast-global-header-display":"","ast-banner-title-visibility":"","ast-main-header-display":"","ast-hfb-above-header-display":"","ast-hfb-below-header-display":"","ast-hfb-mobile-header-display":"","site-post-title":"disabled","ast-breadcrumbs-content":"","ast-featured-img":"","footer-sml-layout":"","theme-transparent-header-meta":"","adv-header-id-meta":"","stick-header-meta":"","header-above-stick-meta":"","header-main-stick-meta":"","header-below-stick-meta":"","astra-migrate-meta-layouts":"default","ast-page-background-enabled":"default","ast-page-background-meta":{"desktop":{"background-color":"var(--ast-global-color-5)","background-image":"","background-repeat":"repeat","background-position":"center center","background-size":"auto","background-attachment":"scroll","background-type":"","background-media":"","overlay-type":"","overlay-color":"","overlay-opacity":"","overlay-gradient":""},"tablet":{"background-color":"","background-image":"","background-repeat":"repeat","background-position":"center center","background-size":"auto","background-attachment":"scroll","background-type":"","background-media":"","overlay-type":"","overlay-color":"","overlay-opacity":"","overlay-gradient":""},"mobile":{"background-color":"","background-image":"","background-repeat":"repeat","background-position":"center center","background-size":"auto","background-attachment":"scroll","background-type":"","background-media":"","overlay-type":"","overlay-color":"","overlay-opacity":"","overlay-gradient":""}},"ast-content-background-meta":{"desktop":{"background-color":"var(--ast-global-color-4)","background-image":"","background-repeat":"repeat","background-position":"center center","background-size":"auto","background-attachment":"scroll","background-type":"","background-media":"","overlay-type":"","overlay-color":"","overlay-opacity":"","overlay-gradient":""},"tablet":{"background-color":"var(--ast-global-color-4)","background-image":"","background-repeat":"repeat","background-position":"center center","background-size":"auto","background-attachment":"scroll","background-type":"","background-media":"","overlay-type":"","overlay-color":"","overlay-opacity":"","overlay-gradient":""},"mobile":{"background-color":"var(--ast-global-color-4)","background-image":"","background-repeat":"repeat","background-position":"center center","background-size":"auto","background-attachment":"scroll","background-type":"","background-media":"","overlay-type":"","overlay-color":"","overlay-opacity":"","overlay-gradient":""}},"footnotes":""},"class_list":["post-11","page","type-page","status-publish","hentry"],"yoast_head":"<!-- This site is optimized with the Yoast SEO plugin v24.2 - https:\/\/yoast.com\/wordpress\/plugins\/seo\/ -->\n<title>Homepage - WANTechno<\/title>\n<meta name=\"robots\" content=\"index, follow, max-snippet:-1, max-image-preview:large, max-video-preview:-1\" \/>\n<link rel=\"canonical\" href=\"https:\/\/wantechno.net\/deutsch\/\" \/>\n<meta property=\"og:locale\" content=\"de_DE\" \/>\n<meta property=\"og:type\" content=\"article\" \/>\n<meta property=\"og:title\" content=\"Homepage - WANTechno\" \/>\n<meta property=\"og:description\" content=\"Willkommen bei Wantechno \u2013 Ihr Partner f\u00fcr au\u00dfergew\u00f6hnliche Websites! Egal, ob Sie eine einfache Website, eine E-Commerce-Plattform, eine Web-App-L\u00f6sung oder [&hellip;]\" \/>\n<meta property=\"og:url\" content=\"https:\/\/wantechno.net\/deutsch\/\" \/>\n<meta property=\"og:site_name\" content=\"WANTechno\" \/>\n<meta property=\"article:modified_time\" content=\"2025-02-07T14:34:04+00:00\" \/>\n<meta name=\"twitter:card\" content=\"summary_large_image\" \/>\n<meta name=\"twitter:label1\" content=\"Gesch\u00e4tzte Lesezeit\" \/>\n\t<meta name=\"twitter:data1\" content=\"2\u00a0Minuten\" \/>\n<script type=\"application\/ld+json\" class=\"yoast-schema-graph\">{\"@context\":\"https:\/\/schema.org\",\"@graph\":[{\"@type\":\"WebPage\",\"@id\":\"https:\/\/wantechno.net\/deutsch\/\",\"url\":\"https:\/\/wantechno.net\/deutsch\/\",\"name\":\"Homepage - WANTechno\",\"isPartOf\":{\"@id\":\"https:\/\/wantechno.net\/deutsch\/#website\"},\"datePublished\":\"2025-01-13T14:13:58+00:00\",\"dateModified\":\"2025-02-07T14:34:04+00:00\",\"breadcrumb\":{\"@id\":\"https:\/\/wantechno.net\/deutsch\/#breadcrumb\"},\"inLanguage\":\"de\",\"potentialAction\":[{\"@type\":\"ReadAction\",\"target\":[\"https:\/\/wantechno.net\/deutsch\/\"]}]},{\"@type\":\"BreadcrumbList\",\"@id\":\"https:\/\/wantechno.net\/deutsch\/#breadcrumb\",\"itemListElement\":[{\"@type\":\"ListItem\",\"position\":1,\"name\":\"Home\",\"item\":\"https:\/\/wantechno.net\/deutsch\/\"},{\"@type\":\"ListItem\",\"position\":2,\"name\":\"Homepage\"}]},{\"@type\":\"WebSite\",\"@id\":\"https:\/\/wantechno.net\/deutsch\/#website\",\"url\":\"https:\/\/wantechno.net\/deutsch\/\",\"name\":\"WANTechno\",\"description\":\"Web Designe\",\"publisher\":{\"@id\":\"https:\/\/wantechno.net\/deutsch\/#organization\"},\"potentialAction\":[{\"@type\":\"SearchAction\",\"target\":{\"@type\":\"EntryPoint\",\"urlTemplate\":\"https:\/\/wantechno.net\/deutsch\/?s={search_term_string}\"},\"query-input\":{\"@type\":\"PropertyValueSpecification\",\"valueRequired\":true,\"valueName\":\"search_term_string\"}}],\"inLanguage\":\"de\"},{\"@type\":\"Organization\",\"@id\":\"https:\/\/wantechno.net\/deutsch\/#organization\",\"name\":\"WANTechno\",\"url\":\"https:\/\/wantechno.net\/deutsch\/\",\"logo\":{\"@type\":\"ImageObject\",\"inLanguage\":\"de\",\"@id\":\"https:\/\/wantechno.net\/deutsch\/#\/schema\/logo\/image\/\",\"url\":\"https:\/\/wantechno.net\/deutsch\/wp-content\/uploads\/sites\/3\/2025\/01\/cropped-Wan-logo-1-e1736780458336.png\",\"contentUrl\":\"https:\/\/wantechno.net\/deutsch\/wp-content\/uploads\/sites\/3\/2025\/01\/cropped-Wan-logo-1-e1736780458336.png\",\"width\":1508,\"height\":310,\"caption\":\"WANTechno\"},\"image\":{\"@id\":\"https:\/\/wantechno.net\/deutsch\/#\/schema\/logo\/image\/\"}}]}<\/script>\n<!-- \/ Yoast SEO plugin. -->","yoast_head_json":{"title":"Homepage - WANTechno","robots":{"index":"index","follow":"follow","max-snippet":"max-snippet:-1","max-image-preview":"max-image-preview:large","max-video-preview":"max-video-preview:-1"},"canonical":"https:\/\/wantechno.net\/deutsch\/","og_locale":"de_DE","og_type":"article","og_title":"Homepage - WANTechno","og_description":"Willkommen bei Wantechno \u2013 Ihr Partner f\u00fcr au\u00dfergew\u00f6hnliche Websites! Egal, ob Sie eine einfache Website, eine E-Commerce-Plattform, eine Web-App-L\u00f6sung oder [&hellip;]","og_url":"https:\/\/wantechno.net\/deutsch\/","og_site_name":"WANTechno","article_modified_time":"2025-02-07T14:34:04+00:00","twitter_card":"summary_large_image","twitter_misc":{"Gesch\u00e4tzte Lesezeit":"2\u00a0Minuten"},"schema":{"@context":"https:\/\/schema.org","@graph":[{"@type":"WebPage","@id":"https:\/\/wantechno.net\/deutsch\/","url":"https:\/\/wantechno.net\/deutsch\/","name":"Homepage - WANTechno","isPartOf":{"@id":"https:\/\/wantechno.net\/deutsch\/#website"},"datePublished":"2025-01-13T14:13:58+00:00","dateModified":"2025-02-07T14:34:04+00:00","breadcrumb":{"@id":"https:\/\/wantechno.net\/deutsch\/#breadcrumb"},"inLanguage":"de","potentialAction":[{"@type":"ReadAction","target":["https:\/\/wantechno.net\/deutsch\/"]}]},{"@type":"BreadcrumbList","@id":"https:\/\/wantechno.net\/deutsch\/#breadcrumb","itemListElement":[{"@type":"ListItem","position":1,"name":"Home","item":"https:\/\/wantechno.net\/deutsch\/"},{"@type":"ListItem","position":2,"name":"Homepage"}]},{"@type":"WebSite","@id":"https:\/\/wantechno.net\/deutsch\/#website","url":"https:\/\/wantechno.net\/deutsch\/","name":"WANTechno","description":"Web Designe","publisher":{"@id":"https:\/\/wantechno.net\/deutsch\/#organization"},"potentialAction":[{"@type":"SearchAction","target":{"@type":"EntryPoint","urlTemplate":"https:\/\/wantechno.net\/deutsch\/?s={search_term_string}"},"query-input":{"@type":"PropertyValueSpecification","valueRequired":true,"valueName":"search_term_string"}}],"inLanguage":"de"},{"@type":"Organization","@id":"https:\/\/wantechno.net\/deutsch\/#organization","name":"WANTechno","url":"https:\/\/wantechno.net\/deutsch\/","logo":{"@type":"ImageObject","inLanguage":"de","@id":"https:\/\/wantechno.net\/deutsch\/#\/schema\/logo\/image\/","url":"https:\/\/wantechno.net\/deutsch\/wp-content\/uploads\/sites\/3\/2025\/01\/cropped-Wan-logo-1-e1736780458336.png","contentUrl":"https:\/\/wantechno.net\/deutsch\/wp-content\/uploads\/sites\/3\/2025\/01\/cropped-Wan-logo-1-e1736780458336.png","width":1508,"height":310,"caption":"WANTechno"},"image":{"@id":"https:\/\/wantechno.net\/deutsch\/#\/schema\/logo\/image\/"}}]}},"uagb_featured_image_src":{"full":false,"thumbnail":false,"medium":false,"medium_large":false,"large":false,"rpg_image_slider":false,"rpg_image_thumbnail":false,"1536x1536":false,"2048x2048":false,"woocommerce_thumbnail":false,"woocommerce_single":false,"woocommerce_gallery_thumbnail":false,"mailpoet_newsletter_max":false},"uagb_author_info":{"display_name":"danardm","author_link":"https:\/\/wantechno.net\/deutsch\/author\/danardm\/"},"uagb_comment_info":0,"uagb_excerpt":"Willkommen bei Wantechno \u2013 Ihr Partner f\u00fcr au\u00dfergew\u00f6hnliche Websites! Egal, ob Sie eine einfache Website, eine E-Commerce-Plattform, eine Web-App-L\u00f6sung oder [&hellip;]","_links":{"self":[{"href":"https:\/\/wantechno.net\/deutsch\/wp-json\/wp\/v2\/pages\/11","targetHints":{"allow":["GET"]}}],"collection":[{"href":"https:\/\/wantechno.net\/deutsch\/wp-json\/wp\/v2\/pages"}],"about":[{"href":"https:\/\/wantechno.net\/deutsch\/wp-json\/wp\/v2\/types\/page"}],"author":[{"embeddable":true,"href":"https:\/\/wantechno.net\/deutsch\/wp-json\/wp\/v2\/users\/1"}],"replies":[{"embeddable":true,"href":"https:\/\/wantechno.net\/deutsch\/wp-json\/wp\/v2\/comments?post=11"}],"version-history":[{"count":22,"href":"https:\/\/wantechno.net\/deutsch\/wp-json\/wp\/v2\/pages\/11\/revisions"}],"predecessor-version":[{"id":131,"href":"https:\/\/wantechno.net\/deutsch\/wp-json\/wp\/v2\/pages\/11\/revisions\/131"}],"wp:attachment":[{"href":"https:\/\/wantechno.net\/deutsch\/wp-json\/wp\/v2\/media?parent=11"}],"curies":[{"name":"wp","href":"https:\/\/api.w.org\/{rel}","templated":true}]}}